{"id":8,"date":"2022-05-24T17:59:08","date_gmt":"2022-05-24T20:59:08","guid":{"rendered":"https:\/\/preview.silea.com.br\/?page_id=8"},"modified":"2022-07-05T15:07:05","modified_gmt":"2022-07-05T18:07:05","slug":"novas-empreendimentos","status":"publish","type":"page","link":"https:\/\/preview.silea.com.br\/?page_id=8","title":{"rendered":"Novos Empreendimentos"},"content":{"rendered":"","protected":false},"excerpt":{"rendered":"","protected":false},"author":1,"featured_media":127,"parent":0,"menu_order":0,"comment_status":"closed","ping_status":"closed","template":"","meta":{"_acf_changed":false,"footnotes":""},"class_list":["post-8","page","type-page","status-publish","has-post-thumbnail","hentry"],"acf":[],"yoast_head":"<!-- This site is optimized with the Yoast SEO plugin v27.5 - https:\/\/yoast.com\/product\/yoast-seo-wordpress\/ -->\n<title>Novos Empreendimentos - Silea<\/title>\n<meta name=\"robots\" content=\"index, follow, max-snippet:-1, max-image-preview:large, max-video-preview:-1\" \/>\n<link rel=\"canonical\" href=\"https:\/\/preview.silea.com.br\/?page_id=8\" \/>\n<meta property=\"og:locale\" content=\"pt_BR\" \/>\n<meta property=\"og:type\" content=\"article\" \/>\n<meta property=\"og:title\" content=\"Novos Empreendimentos - Silea\" \/>\n<meta property=\"og:url\" content=\"https:\/\/preview.silea.com.br\/?page_id=8\" \/>\n<meta property=\"og:site_name\" content=\"Silea\" \/>\n<meta property=\"article:modified_time\" content=\"2022-07-05T18:07:05+00:00\" \/>\n<meta property=\"og:image\" content=\"https:\/\/preview.silea.com.br\/wp-content\/uploads\/2022\/05\/PCH-ARTURO-ANDREOLI-04-scaled.jpg\" \/>\n\t<meta property=\"og:image:width\" content=\"2560\" \/>\n\t<meta property=\"og:image:height\" content=\"1920\" \/>\n\t<meta property=\"og:image:type\" content=\"image\/jpeg\" \/>\n<meta name=\"twitter:card\" content=\"summary_large_image\" \/>\n<script type=\"application\/ld+json\" class=\"yoast-schema-graph\">{\"@context\":\"https:\\\/\\\/schema.org\",\"@graph\":[{\"@type\":\"WebPage\",\"@id\":\"https:\\\/\\\/preview.silea.com.br\\\/?page_id=8\",\"url\":\"https:\\\/\\\/preview.silea.com.br\\\/?page_id=8\",\"name\":\"Novos Empreendimentos - Silea\",\"isPartOf\":{\"@id\":\"https:\\\/\\\/preview.silea.com.br\\\/#website\"},\"primaryImageOfPage\":{\"@id\":\"https:\\\/\\\/preview.silea.com.br\\\/?page_id=8#primaryimage\"},\"image\":{\"@id\":\"https:\\\/\\\/preview.silea.com.br\\\/?page_id=8#primaryimage\"},\"thumbnailUrl\":\"https:\\\/\\\/preview.silea.com.br\\\/wp-content\\\/uploads\\\/2022\\\/05\\\/PCH-ARTURO-ANDREOLI-04-scaled.jpg\",\"datePublished\":\"2022-05-24T20:59:08+00:00\",\"dateModified\":\"2022-07-05T18:07:05+00:00\",\"breadcrumb\":{\"@id\":\"https:\\\/\\\/preview.silea.com.br\\\/?page_id=8#breadcrumb\"},\"inLanguage\":\"pt-BR\",\"potentialAction\":[{\"@type\":\"ReadAction\",\"target\":[\"https:\\\/\\\/preview.silea.com.br\\\/?page_id=8\"]}]},{\"@type\":\"ImageObject\",\"inLanguage\":\"pt-BR\",\"@id\":\"https:\\\/\\\/preview.silea.com.br\\\/?page_id=8#primaryimage\",\"url\":\"https:\\\/\\\/preview.silea.com.br\\\/wp-content\\\/uploads\\\/2022\\\/05\\\/PCH-ARTURO-ANDREOLI-04-scaled.jpg\",\"contentUrl\":\"https:\\\/\\\/preview.silea.com.br\\\/wp-content\\\/uploads\\\/2022\\\/05\\\/PCH-ARTURO-ANDREOLI-04-scaled.jpg\",\"width\":2560,\"height\":1920,\"caption\":\"Novos Empreendimentos\"},{\"@type\":\"BreadcrumbList\",\"@id\":\"https:\\\/\\\/preview.silea.com.br\\\/?page_id=8#breadcrumb\",\"itemListElement\":[{\"@type\":\"ListItem\",\"position\":1,\"name\":\"Voc\u00ea esta navegando em silea.com.br\",\"item\":\"https:\\\/\\\/preview.silea.com.br\\\/\"},{\"@type\":\"ListItem\",\"position\":2,\"name\":\"Novos Empreendimentos\"}]},{\"@type\":\"WebSite\",\"@id\":\"https:\\\/\\\/preview.silea.com.br\\\/#website\",\"url\":\"https:\\\/\\\/preview.silea.com.br\\\/\",\"name\":\"Silea\",\"description\":\"\",\"publisher\":{\"@id\":\"https:\\\/\\\/preview.silea.com.br\\\/#organization\"},\"potentialAction\":[{\"@type\":\"SearchAction\",\"target\":{\"@type\":\"EntryPoint\",\"urlTemplate\":\"https:\\\/\\\/preview.silea.com.br\\\/?s={search_term_string}\"},\"query-input\":{\"@type\":\"PropertyValueSpecification\",\"valueRequired\":true,\"valueName\":\"search_term_string\"}}],\"inLanguage\":\"pt-BR\"},{\"@type\":\"Organization\",\"@id\":\"https:\\\/\\\/preview.silea.com.br\\\/#organization\",\"name\":\"Silea Participa\u00e7\u00f5es Ltda | Pequenas Centrais Hidrel\u00e9tricas\",\"url\":\"https:\\\/\\\/preview.silea.com.br\\\/\",\"logo\":{\"@type\":\"ImageObject\",\"inLanguage\":\"pt-BR\",\"@id\":\"https:\\\/\\\/preview.silea.com.br\\\/#\\\/schema\\\/logo\\\/image\\\/\",\"url\":\"https:\\\/\\\/preview.silea.com.br\\\/wp-content\\\/uploads\\\/2022\\\/07\\\/silea-logotipo-og.png\",\"contentUrl\":\"https:\\\/\\\/preview.silea.com.br\\\/wp-content\\\/uploads\\\/2022\\\/07\\\/silea-logotipo-og.png\",\"width\":1920,\"height\":1080,\"caption\":\"Silea Participa\u00e7\u00f5es Ltda | Pequenas Centrais Hidrel\u00e9tricas\"},\"image\":{\"@id\":\"https:\\\/\\\/preview.silea.com.br\\\/#\\\/schema\\\/logo\\\/image\\\/\"}}]}<\/script>\n<!-- \/ Yoast SEO plugin. -->","yoast_head_json":{"title":"Novos Empreendimentos - Silea","robots":{"index":"index","follow":"follow","max-snippet":"max-snippet:-1","max-image-preview":"max-image-preview:large","max-video-preview":"max-video-preview:-1"},"canonical":"https:\/\/preview.silea.com.br\/?page_id=8","og_locale":"pt_BR","og_type":"article","og_title":"Novos Empreendimentos - Silea","og_url":"https:\/\/preview.silea.com.br\/?page_id=8","og_site_name":"Silea","article_modified_time":"2022-07-05T18:07:05+00:00","og_image":[{"width":2560,"height":1920,"url":"https:\/\/preview.silea.com.br\/wp-content\/uploads\/2022\/05\/PCH-ARTURO-ANDREOLI-04-scaled.jpg","type":"image\/jpeg"}],"twitter_card":"summary_large_image","schema":{"@context":"https:\/\/schema.org","@graph":[{"@type":"WebPage","@id":"https:\/\/preview.silea.com.br\/?page_id=8","url":"https:\/\/preview.silea.com.br\/?page_id=8","name":"Novos Empreendimentos - Silea","isPartOf":{"@id":"https:\/\/preview.silea.com.br\/#website"},"primaryImageOfPage":{"@id":"https:\/\/preview.silea.com.br\/?page_id=8#primaryimage"},"image":{"@id":"https:\/\/preview.silea.com.br\/?page_id=8#primaryimage"},"thumbnailUrl":"https:\/\/preview.silea.com.br\/wp-content\/uploads\/2022\/05\/PCH-ARTURO-ANDREOLI-04-scaled.jpg","datePublished":"2022-05-24T20:59:08+00:00","dateModified":"2022-07-05T18:07:05+00:00","breadcrumb":{"@id":"https:\/\/preview.silea.com.br\/?page_id=8#breadcrumb"},"inLanguage":"pt-BR","potentialAction":[{"@type":"ReadAction","target":["https:\/\/preview.silea.com.br\/?page_id=8"]}]},{"@type":"ImageObject","inLanguage":"pt-BR","@id":"https:\/\/preview.silea.com.br\/?page_id=8#primaryimage","url":"https:\/\/preview.silea.com.br\/wp-content\/uploads\/2022\/05\/PCH-ARTURO-ANDREOLI-04-scaled.jpg","contentUrl":"https:\/\/preview.silea.com.br\/wp-content\/uploads\/2022\/05\/PCH-ARTURO-ANDREOLI-04-scaled.jpg","width":2560,"height":1920,"caption":"Novos Empreendimentos"},{"@type":"BreadcrumbList","@id":"https:\/\/preview.silea.com.br\/?page_id=8#breadcrumb","itemListElement":[{"@type":"ListItem","position":1,"name":"Voc\u00ea esta navegando em silea.com.br","item":"https:\/\/preview.silea.com.br\/"},{"@type":"ListItem","position":2,"name":"Novos Empreendimentos"}]},{"@type":"WebSite","@id":"https:\/\/preview.silea.com.br\/#website","url":"https:\/\/preview.silea.com.br\/","name":"Silea","description":"","publisher":{"@id":"https:\/\/preview.silea.com.br\/#organization"},"potentialAction":[{"@type":"SearchAction","target":{"@type":"EntryPoint","urlTemplate":"https:\/\/preview.silea.com.br\/?s={search_term_string}"},"query-input":{"@type":"PropertyValueSpecification","valueRequired":true,"valueName":"search_term_string"}}],"inLanguage":"pt-BR"},{"@type":"Organization","@id":"https:\/\/preview.silea.com.br\/#organization","name":"Silea Participa\u00e7\u00f5es Ltda | Pequenas Centrais Hidrel\u00e9tricas","url":"https:\/\/preview.silea.com.br\/","logo":{"@type":"ImageObject","inLanguage":"pt-BR","@id":"https:\/\/preview.silea.com.br\/#\/schema\/logo\/image\/","url":"https:\/\/preview.silea.com.br\/wp-content\/uploads\/2022\/07\/silea-logotipo-og.png","contentUrl":"https:\/\/preview.silea.com.br\/wp-content\/uploads\/2022\/07\/silea-logotipo-og.png","width":1920,"height":1080,"caption":"Silea Participa\u00e7\u00f5es Ltda | Pequenas Centrais Hidrel\u00e9tricas"},"image":{"@id":"https:\/\/preview.silea.com.br\/#\/schema\/logo\/image\/"}}]}},"_links":{"self":[{"href":"https:\/\/preview.silea.com.br\/index.php?rest_route=\/wp\/v2\/pages\/8","targetHints":{"allow":["GET"]}}],"collection":[{"href":"https:\/\/preview.silea.com.br\/index.php?rest_route=\/wp\/v2\/pages"}],"about":[{"href":"https:\/\/preview.silea.com.br\/index.php?rest_route=\/wp\/v2\/types\/page"}],"author":[{"embeddable":true,"href":"https:\/\/preview.silea.com.br\/index.php?rest_route=\/wp\/v2\/users\/1"}],"replies":[{"embeddable":true,"href":"https:\/\/preview.silea.com.br\/index.php?rest_route=%2Fwp%2Fv2%2Fcomments&post=8"}],"version-history":[{"count":0,"href":"https:\/\/preview.silea.com.br\/index.php?rest_route=\/wp\/v2\/pages\/8\/revisions"}],"wp:featuredmedia":[{"embeddable":true,"href":"https:\/\/preview.silea.com.br\/index.php?rest_route=\/wp\/v2\/media\/127"}],"wp:attachment":[{"href":"https:\/\/preview.silea.com.br\/index.php?rest_route=%2Fwp%2Fv2%2Fmedia&parent=8"}],"curies":[{"name":"wp","href":"https:\/\/api.w.org\/{rel}","templated":true}]}}