{"id":6,"date":"2022-05-24T17:58:56","date_gmt":"2022-05-24T20:58:56","guid":{"rendered":"https:\/\/preview.silea.com.br\/?page_id=6"},"modified":"2022-07-05T15:00:43","modified_gmt":"2022-07-05T18:00:43","slug":"hidreletricas","status":"publish","type":"page","link":"https:\/\/preview.silea.com.br\/?page_id=6","title":{"rendered":"Hidrel\u00e9tricas"},"content":{"rendered":"","protected":false},"excerpt":{"rendered":"","protected":false},"author":1,"featured_media":154,"parent":0,"menu_order":0,"comment_status":"closed","ping_status":"closed","template":"template-pchs.php","meta":{"_acf_changed":false,"footnotes":""},"class_list":["post-6","page","type-page","status-publish","has-post-thumbnail","hentry"],"acf":[],"yoast_head":"<!-- This site is optimized with the Yoast SEO plugin v27.5 - https:\/\/yoast.com\/product\/yoast-seo-wordpress\/ -->\n<title>PCHs | Pequenas Centrais Hidrel\u00e9tricas - Silea<\/title>\n<meta name=\"description\" content=\"Principais caracter\u00edsticas das pequenas centrais hidrel\u00e9tricas que comp\u00f5e o portf\u00f3lio de empreendimentos da Silea.\" \/>\n<meta name=\"robots\" content=\"index, follow, max-snippet:-1, max-image-preview:large, max-video-preview:-1\" \/>\n<link rel=\"canonical\" href=\"https:\/\/preview.silea.com.br\/?page_id=6\" \/>\n<meta property=\"og:locale\" content=\"pt_BR\" \/>\n<meta property=\"og:type\" content=\"article\" \/>\n<meta property=\"og:title\" content=\"PCHs | Pequenas Centrais Hidrel\u00e9tricas - Silea\" \/>\n<meta property=\"og:description\" content=\"Principais caracter\u00edsticas das pequenas centrais hidrel\u00e9tricas que comp\u00f5e o portf\u00f3lio de empreendimentos da Silea.\" \/>\n<meta property=\"og:url\" content=\"https:\/\/preview.silea.com.br\/?page_id=6\" \/>\n<meta property=\"og:site_name\" content=\"Silea\" \/>\n<meta property=\"article:modified_time\" content=\"2022-07-05T18:00:43+00:00\" \/>\n<meta property=\"og:image\" content=\"https:\/\/preview.silea.com.br\/wp-content\/uploads\/2022\/05\/PCH-BOCAIUVA-07.jpg\" \/>\n\t<meta property=\"og:image:width\" content=\"1600\" \/>\n\t<meta property=\"og:image:height\" content=\"900\" \/>\n\t<meta property=\"og:image:type\" content=\"image\/jpeg\" \/>\n<meta name=\"twitter:card\" content=\"summary_large_image\" \/>\n<script type=\"application\/ld+json\" class=\"yoast-schema-graph\">{\"@context\":\"https:\\\/\\\/schema.org\",\"@graph\":[{\"@type\":\"WebPage\",\"@id\":\"https:\\\/\\\/preview.silea.com.br\\\/?page_id=6\",\"url\":\"https:\\\/\\\/preview.silea.com.br\\\/?page_id=6\",\"name\":\"PCHs | Pequenas Centrais Hidrel\u00e9tricas - Silea\",\"isPartOf\":{\"@id\":\"https:\\\/\\\/preview.silea.com.br\\\/#website\"},\"primaryImageOfPage\":{\"@id\":\"https:\\\/\\\/preview.silea.com.br\\\/?page_id=6#primaryimage\"},\"image\":{\"@id\":\"https:\\\/\\\/preview.silea.com.br\\\/?page_id=6#primaryimage\"},\"thumbnailUrl\":\"https:\\\/\\\/preview.silea.com.br\\\/wp-content\\\/uploads\\\/2022\\\/05\\\/PCH-BOCAIUVA-07.jpg\",\"datePublished\":\"2022-05-24T20:58:56+00:00\",\"dateModified\":\"2022-07-05T18:00:43+00:00\",\"description\":\"Principais caracter\u00edsticas das pequenas centrais hidrel\u00e9tricas que comp\u00f5e o portf\u00f3lio de empreendimentos da Silea.\",\"breadcrumb\":{\"@id\":\"https:\\\/\\\/preview.silea.com.br\\\/?page_id=6#breadcrumb\"},\"inLanguage\":\"pt-BR\",\"potentialAction\":[{\"@type\":\"ReadAction\",\"target\":[\"https:\\\/\\\/preview.silea.com.br\\\/?page_id=6\"]}]},{\"@type\":\"ImageObject\",\"inLanguage\":\"pt-BR\",\"@id\":\"https:\\\/\\\/preview.silea.com.br\\\/?page_id=6#primaryimage\",\"url\":\"https:\\\/\\\/preview.silea.com.br\\\/wp-content\\\/uploads\\\/2022\\\/05\\\/PCH-BOCAIUVA-07.jpg\",\"contentUrl\":\"https:\\\/\\\/preview.silea.com.br\\\/wp-content\\\/uploads\\\/2022\\\/05\\\/PCH-BOCAIUVA-07.jpg\",\"width\":1600,\"height\":900,\"caption\":\"Pequenas Centrais Hidrel\u00e9tricas\"},{\"@type\":\"BreadcrumbList\",\"@id\":\"https:\\\/\\\/preview.silea.com.br\\\/?page_id=6#breadcrumb\",\"itemListElement\":[{\"@type\":\"ListItem\",\"position\":1,\"name\":\"Voc\u00ea esta navegando em silea.com.br\",\"item\":\"https:\\\/\\\/preview.silea.com.br\\\/\"},{\"@type\":\"ListItem\",\"position\":2,\"name\":\"Hidrel\u00e9tricas\"}]},{\"@type\":\"WebSite\",\"@id\":\"https:\\\/\\\/preview.silea.com.br\\\/#website\",\"url\":\"https:\\\/\\\/preview.silea.com.br\\\/\",\"name\":\"Silea\",\"description\":\"\",\"publisher\":{\"@id\":\"https:\\\/\\\/preview.silea.com.br\\\/#organization\"},\"potentialAction\":[{\"@type\":\"SearchAction\",\"target\":{\"@type\":\"EntryPoint\",\"urlTemplate\":\"https:\\\/\\\/preview.silea.com.br\\\/?s={search_term_string}\"},\"query-input\":{\"@type\":\"PropertyValueSpecification\",\"valueRequired\":true,\"valueName\":\"search_term_string\"}}],\"inLanguage\":\"pt-BR\"},{\"@type\":\"Organization\",\"@id\":\"https:\\\/\\\/preview.silea.com.br\\\/#organization\",\"name\":\"Silea Participa\u00e7\u00f5es Ltda | Pequenas Centrais Hidrel\u00e9tricas\",\"url\":\"https:\\\/\\\/preview.silea.com.br\\\/\",\"logo\":{\"@type\":\"ImageObject\",\"inLanguage\":\"pt-BR\",\"@id\":\"https:\\\/\\\/preview.silea.com.br\\\/#\\\/schema\\\/logo\\\/image\\\/\",\"url\":\"https:\\\/\\\/preview.silea.com.br\\\/wp-content\\\/uploads\\\/2022\\\/07\\\/silea-logotipo-og.png\",\"contentUrl\":\"https:\\\/\\\/preview.silea.com.br\\\/wp-content\\\/uploads\\\/2022\\\/07\\\/silea-logotipo-og.png\",\"width\":1920,\"height\":1080,\"caption\":\"Silea Participa\u00e7\u00f5es Ltda | Pequenas Centrais Hidrel\u00e9tricas\"},\"image\":{\"@id\":\"https:\\\/\\\/preview.silea.com.br\\\/#\\\/schema\\\/logo\\\/image\\\/\"}}]}<\/script>\n<!-- \/ Yoast SEO plugin. -->","yoast_head_json":{"title":"PCHs | Pequenas Centrais Hidrel\u00e9tricas - Silea","description":"Principais caracter\u00edsticas das pequenas centrais hidrel\u00e9tricas que comp\u00f5e o portf\u00f3lio de empreendimentos da Silea.","robots":{"index":"index","follow":"follow","max-snippet":"max-snippet:-1","max-image-preview":"max-image-preview:large","max-video-preview":"max-video-preview:-1"},"canonical":"https:\/\/preview.silea.com.br\/?page_id=6","og_locale":"pt_BR","og_type":"article","og_title":"PCHs | Pequenas Centrais Hidrel\u00e9tricas - Silea","og_description":"Principais caracter\u00edsticas das pequenas centrais hidrel\u00e9tricas que comp\u00f5e o portf\u00f3lio de empreendimentos da Silea.","og_url":"https:\/\/preview.silea.com.br\/?page_id=6","og_site_name":"Silea","article_modified_time":"2022-07-05T18:00:43+00:00","og_image":[{"width":1600,"height":900,"url":"https:\/\/preview.silea.com.br\/wp-content\/uploads\/2022\/05\/PCH-BOCAIUVA-07.jpg","type":"image\/jpeg"}],"twitter_card":"summary_large_image","schema":{"@context":"https:\/\/schema.org","@graph":[{"@type":"WebPage","@id":"https:\/\/preview.silea.com.br\/?page_id=6","url":"https:\/\/preview.silea.com.br\/?page_id=6","name":"PCHs | Pequenas Centrais Hidrel\u00e9tricas - Silea","isPartOf":{"@id":"https:\/\/preview.silea.com.br\/#website"},"primaryImageOfPage":{"@id":"https:\/\/preview.silea.com.br\/?page_id=6#primaryimage"},"image":{"@id":"https:\/\/preview.silea.com.br\/?page_id=6#primaryimage"},"thumbnailUrl":"https:\/\/preview.silea.com.br\/wp-content\/uploads\/2022\/05\/PCH-BOCAIUVA-07.jpg","datePublished":"2022-05-24T20:58:56+00:00","dateModified":"2022-07-05T18:00:43+00:00","description":"Principais caracter\u00edsticas das pequenas centrais hidrel\u00e9tricas que comp\u00f5e o portf\u00f3lio de empreendimentos da Silea.","breadcrumb":{"@id":"https:\/\/preview.silea.com.br\/?page_id=6#breadcrumb"},"inLanguage":"pt-BR","potentialAction":[{"@type":"ReadAction","target":["https:\/\/preview.silea.com.br\/?page_id=6"]}]},{"@type":"ImageObject","inLanguage":"pt-BR","@id":"https:\/\/preview.silea.com.br\/?page_id=6#primaryimage","url":"https:\/\/preview.silea.com.br\/wp-content\/uploads\/2022\/05\/PCH-BOCAIUVA-07.jpg","contentUrl":"https:\/\/preview.silea.com.br\/wp-content\/uploads\/2022\/05\/PCH-BOCAIUVA-07.jpg","width":1600,"height":900,"caption":"Pequenas Centrais Hidrel\u00e9tricas"},{"@type":"BreadcrumbList","@id":"https:\/\/preview.silea.com.br\/?page_id=6#breadcrumb","itemListElement":[{"@type":"ListItem","position":1,"name":"Voc\u00ea esta navegando em silea.com.br","item":"https:\/\/preview.silea.com.br\/"},{"@type":"ListItem","position":2,"name":"Hidrel\u00e9tricas"}]},{"@type":"WebSite","@id":"https:\/\/preview.silea.com.br\/#website","url":"https:\/\/preview.silea.com.br\/","name":"Silea","description":"","publisher":{"@id":"https:\/\/preview.silea.com.br\/#organization"},"potentialAction":[{"@type":"SearchAction","target":{"@type":"EntryPoint","urlTemplate":"https:\/\/preview.silea.com.br\/?s={search_term_string}"},"query-input":{"@type":"PropertyValueSpecification","valueRequired":true,"valueName":"search_term_string"}}],"inLanguage":"pt-BR"},{"@type":"Organization","@id":"https:\/\/preview.silea.com.br\/#organization","name":"Silea Participa\u00e7\u00f5es Ltda | Pequenas Centrais Hidrel\u00e9tricas","url":"https:\/\/preview.silea.com.br\/","logo":{"@type":"ImageObject","inLanguage":"pt-BR","@id":"https:\/\/preview.silea.com.br\/#\/schema\/logo\/image\/","url":"https:\/\/preview.silea.com.br\/wp-content\/uploads\/2022\/07\/silea-logotipo-og.png","contentUrl":"https:\/\/preview.silea.com.br\/wp-content\/uploads\/2022\/07\/silea-logotipo-og.png","width":1920,"height":1080,"caption":"Silea Participa\u00e7\u00f5es Ltda | Pequenas Centrais Hidrel\u00e9tricas"},"image":{"@id":"https:\/\/preview.silea.com.br\/#\/schema\/logo\/image\/"}}]}},"_links":{"self":[{"href":"https:\/\/preview.silea.com.br\/index.php?rest_route=\/wp\/v2\/pages\/6","targetHints":{"allow":["GET"]}}],"collection":[{"href":"https:\/\/preview.silea.com.br\/index.php?rest_route=\/wp\/v2\/pages"}],"about":[{"href":"https:\/\/preview.silea.com.br\/index.php?rest_route=\/wp\/v2\/types\/page"}],"author":[{"embeddable":true,"href":"https:\/\/preview.silea.com.br\/index.php?rest_route=\/wp\/v2\/users\/1"}],"replies":[{"embeddable":true,"href":"https:\/\/preview.silea.com.br\/index.php?rest_route=%2Fwp%2Fv2%2Fcomments&post=6"}],"version-history":[{"count":0,"href":"https:\/\/preview.silea.com.br\/index.php?rest_route=\/wp\/v2\/pages\/6\/revisions"}],"wp:featuredmedia":[{"embeddable":true,"href":"https:\/\/preview.silea.com.br\/index.php?rest_route=\/wp\/v2\/media\/154"}],"wp:attachment":[{"href":"https:\/\/preview.silea.com.br\/index.php?rest_route=%2Fwp%2Fv2%2Fmedia&parent=6"}],"curies":[{"name":"wp","href":"https:\/\/api.w.org\/{rel}","templated":true}]}}